{"id":295,"date":"2025-06-16T03:50:12","date_gmt":"2025-06-16T03:50:12","guid":{"rendered":"https:\/\/new.nacotaco.vn\/?page_id=295"},"modified":"2026-02-04T06:32:56","modified_gmt":"2026-02-04T06:32:56","slug":"bar","status":"publish","type":"page","link":"https:\/\/nacotaco.vn\/vi\/bar\/","title":{"rendered":"Authentic Mexican Cantina"},"content":{"rendered":"<div id=\"chef-banner\"  data-column-margin=\"default\" data-midnight=\"light\"  class=\"wpb_row vc_row-fluid vc_row full-width-content vc_row-o-equal-height vc_row-flex vc_row-o-content-top parallax_section\"  style=\"padding-top: 0px; padding-bottom: 0px; \"><div class=\"row-bg-wrap\" data-bg-animation=\"none\" data-bg-animation-delay=\"\" data-bg-overlay=\"true\"><div class=\"inner-wrap row-bg-layer\" ><div class=\"row-bg viewport-desktop\" data-parallax-speed=\"fast\" style=\"\"><\/div><\/div><div class=\"row-bg-overlay row-bg-layer\" style=\"background-color:#000000;  opacity: 0.5; \"><\/div><\/div><div class=\"row_col_wrap_12 col span_12 light center\">\n\t<div style=\"\" class=\"vc_col-sm-3 vc_col-lg-offset-0 vc_col-lg-3 vc_col-md-offset-0 vc_col-md-3 vc_col-sm-offset-0 vc_col-xs-3 chef-banner-img wpb_column column_container vc_column_container col centered-text left_padding_phone_5pct top_padding_desktop_30pct\" data-using-bg=\"true\" data-overlay-color=\"true\" data-padding-pos=\"all\" data-has-bg-color=\"true\" data-bg-color=\"#000000\" data-bg-opacity=\"1\" data-hover-bg=\"#e4007c\" data-hover-bg-opacity=\"0.1\" data-animation=\"\" data-delay=\"0\" >\n\t\t<div class=\"vc_column-inner\" ><div class=\"column-image-bg-wrap column-bg-layer viewport-desktop has-phone\" data-bg-pos=\"center center\" data-bg-animation=\"none\" data-bg-overlay=\"true\"><div class=\"inner-wrap\"><div class=\"column-image-bg\" style=\" background-image: url('https:\/\/nacotaco.vn\/wp-content\/uploads\/2025\/11\/pink-sueno-new.jpg'); \"><\/div><\/div><\/div><div class=\"column-image-bg-wrap column-bg-layer viewport-phone\" data-bg-pos=\"center center\" data-bg-animation=\"none\" data-bg-overlay=\"true\"><div class=\"inner-wrap\"><div class=\"column-image-bg\" style=\" background-image: url('https:\/\/nacotaco.vn\/wp-content\/uploads\/2025\/11\/pink-sueno-new.jpg'); \"><\/div><\/div><\/div><div class=\"column-bg-overlay-wrap column-bg-layer\" data-bg-animation=\"none\"><div class=\"column-bg-overlay\" style=\"opacity: 1; background-color: #000000;\"><\/div><div class=\"column-overlay-layer\" style=\"background: #000000; background: linear-gradient(to bottom,#000000 0%,#000000 100%);  opacity: 0.3; \"><\/div><\/div>\n\t\t\t<div class=\"wpb_wrapper\">\n\t\t\t\t\n<div class=\"wpb_text_column wpb_content_element  text_direction_ltr  vc_custom_1763115658091\" >\n\t<div class=\"wpb_wrapper\">\n\t\t<p style=\"font-size: 10vw; font-weight: bold; margin-left: 8%;\">Authentic<\/p>\n\t<\/div>\n<\/div>\n\n\n\n\n\t\t\t<\/div> \n\t\t<\/div>\n\t<\/div> \n\n\t<div style=\"\" class=\"vc_col-sm-3 vc_col-lg-offset-0 vc_col-lg-3 vc_col-md-offset-0 vc_col-md-3 vc_col-sm-offset-0 vc_col-xs-3 chef-banner-img wpb_column column_container vc_column_container col top_padding_desktop_75pct top_padding_phone_85pct\" data-using-bg=\"true\" data-overlay-color=\"true\" data-bg-cover=\"true\" data-padding-pos=\"all\" data-has-bg-color=\"true\" data-bg-color=\"#e4007c\" data-bg-opacity=\"0.1\" data-animation=\"\" data-delay=\"0\" >\n\t\t<div class=\"vc_column-inner\" ><div class=\"column-image-bg-wrap column-bg-layer viewport-desktop has-phone\" data-bg-pos=\"center center\" data-bg-animation=\"none\" data-bg-overlay=\"true\"><div class=\"inner-wrap\"><div class=\"column-image-bg\" style=\" background-image: url('https:\/\/nacotaco.vn\/wp-content\/uploads\/2025\/11\/tamarindo-tornado-new.jpg'); \"><\/div><\/div><\/div><div class=\"column-image-bg-wrap column-bg-layer viewport-phone\" data-bg-pos=\"center center\" data-bg-animation=\"none\" data-bg-overlay=\"true\"><div class=\"inner-wrap\"><div class=\"column-image-bg\" style=\" background-image: url('https:\/\/nacotaco.vn\/wp-content\/uploads\/2025\/11\/tamarindo-tornado-new.jpg'); \"><\/div><\/div><\/div><div class=\"column-bg-overlay-wrap column-bg-layer\" data-bg-animation=\"none\"><div class=\"column-bg-overlay\" style=\"opacity: 0.1; background-color: #e4007c;\"><\/div><div class=\"column-overlay-layer\" style=\"background: #000000; background: linear-gradient(to bottom,#000000 0%,#000000 100%);  opacity: 0.3; \"><\/div><\/div>\n\t\t\t<div class=\"wpb_wrapper\">\n\t\t\t\t\n<div class=\"wpb_text_column wpb_content_element  text_direction_ltr  vc_custom_1763115744845\" >\n\t<div class=\"wpb_wrapper\">\n\t\t<p class=\"amc\" style=\"font-size: 10vw; font-weight: bold; margin-left: 8%;\">Mexican<\/p>\n\t<\/div>\n<\/div>\n\n\n\n\n\t\t\t<\/div> \n\t\t<\/div>\n\t<\/div> \n\n\t<div style=\"\" class=\"vc_col-sm-3 vc_col-lg-offset-0 vc_col-lg-3 vc_col-md-offset-0 vc_col-md-3 vc_col-sm-offset-0 vc_col-xs-3 chef-banner-img wpb_column column_container vc_column_container col top_padding_desktop_120pct top_padding_phone_140pct bottom_padding_phone_30pct\" data-using-bg=\"true\" data-overlay-color=\"true\" data-padding-pos=\"all\" data-has-bg-color=\"true\" data-bg-color=\"#000000\" data-bg-opacity=\"1\" data-hover-bg=\"#e4007c\" data-hover-bg-opacity=\"0.1\" data-animation=\"\" data-delay=\"0\" >\n\t\t<div class=\"vc_column-inner\" ><div class=\"column-image-bg-wrap column-bg-layer viewport-desktop has-phone\" data-bg-pos=\"center center\" data-bg-animation=\"none\" data-bg-overlay=\"true\"><div class=\"inner-wrap\"><div class=\"column-image-bg\" style=\" background-image: url('https:\/\/nacotaco.vn\/wp-content\/uploads\/2025\/11\/tamarindo-bloom-new.jpg'); \"><\/div><\/div><\/div><div class=\"column-image-bg-wrap column-bg-layer viewport-phone\" data-bg-pos=\"center center\" data-bg-animation=\"none\" data-bg-overlay=\"true\"><div class=\"inner-wrap\"><div class=\"column-image-bg\" style=\" background-image: url('https:\/\/nacotaco.vn\/wp-content\/uploads\/2025\/11\/tamarindo-bloom-new.jpg'); \"><\/div><\/div><\/div><div class=\"column-bg-overlay-wrap column-bg-layer\" data-bg-animation=\"none\"><div class=\"column-bg-overlay\" style=\"opacity: 1; background-color: #000000;\"><\/div><div class=\"column-overlay-layer\" style=\"background: #000000; background: linear-gradient(to bottom,#000000 0%,#000000 100%);  opacity: 0.3; \"><\/div><\/div>\n\t\t\t<div class=\"wpb_wrapper\">\n\t\t\t\t\n<div class=\"wpb_text_column wpb_content_element  text_direction_ltr  vc_custom_1763115751920\" >\n\t<div class=\"wpb_wrapper\">\n\t\t<p class=\"amc\" style=\"font-size: 10vw; font-weight: bold; color: #e4007c; margin-left: 8%;\">Cantina<\/p>\n\t<\/div>\n<\/div>\n\n\n\n\n\t\t\t<\/div> \n\t\t<\/div>\n\t<\/div> \n\n\t<div style=\"\" class=\"vc_col-sm-3 vc_col-lg-offset-0 vc_col-lg-3 vc_col-md-offset-0 vc_col-md-3 vc_col-sm-offset-0 vc_col-xs-3 chef-banner-img wpb_column column_container vc_column_container col force-desktop-text-align-left top_padding_desktop_30pct top_padding_phone_120pct bottom_padding_desktop_23pct\" data-using-bg=\"true\" data-overlay-color=\"true\" data-padding-pos=\"all\" data-has-bg-color=\"true\" data-bg-color=\"#000000\" data-bg-opacity=\"1\" data-hover-bg=\"#E4007C\" data-hover-bg-opacity=\"0.1\" data-animation=\"\" data-delay=\"0\" >\n\t\t<div class=\"vc_column-inner\" ><div class=\"column-image-bg-wrap column-bg-layer viewport-desktop has-phone\" data-bg-pos=\"center center\" data-bg-animation=\"none\" data-bg-overlay=\"true\"><div class=\"inner-wrap\"><div class=\"column-image-bg\" style=\" background-image: url('https:\/\/nacotaco.vn\/wp-content\/uploads\/2025\/07\/rosa.jpg'); \"><\/div><\/div><\/div><div class=\"column-image-bg-wrap column-bg-layer viewport-phone\" data-bg-pos=\"center center\" data-bg-animation=\"none\" data-bg-overlay=\"true\"><div class=\"inner-wrap\"><div class=\"column-image-bg\" style=\" background-image: url('https:\/\/nacotaco.vn\/wp-content\/uploads\/2025\/07\/rosa.jpg'); \"><\/div><\/div><\/div><div class=\"column-bg-overlay-wrap column-bg-layer\" data-bg-animation=\"none\"><div class=\"column-bg-overlay\" style=\"opacity: 1; background-color: #000000;\"><\/div><div class=\"column-overlay-layer\" style=\"background-color:#000000;  opacity: 0.3; \"><\/div><\/div>\n\t\t\t<div class=\"wpb_wrapper\">\n\t\t\t\t<div class=\"divider-wrap height_phone_20vh\" data-alignment=\"default\"><div style=\"height: 70vh;\" class=\"divider\"><\/div><\/div>\n\t\t\t<\/div> \n\t\t<\/div>\n\t<\/div> \n<\/div><\/div>\n\t\t<div id=\"fws_6a09b3d557f7f\"  data-column-margin=\"default\" data-midnight=\"light\" data-top-percent=\"5%\" data-bottom-percent=\"5%\"  class=\"wpb_row vc_row-fluid vc_row full-width-content vc_row-o-equal-height vc_row-flex vc_row-o-content-top\"  style=\"padding-top: calc(100vw * 0.05); padding-bottom: calc(100vw * 0.05); \"><div class=\"row-bg-wrap\" data-bg-animation=\"none\" data-bg-animation-delay=\"\" data-bg-overlay=\"true\"><div class=\"inner-wrap row-bg-layer\" ><div class=\"row-bg viewport-desktop\"  style=\"\"><\/div><\/div><div class=\"row-bg-overlay row-bg-layer\" style=\"background-color:#000000;  opacity: 1; \"><\/div><\/div><div class=\"row_col_wrap_12 col span_12 light left\">\n\t<div  class=\"vc_col-sm-12 wpb_column column_container vc_column_container col no-extra-padding el_spacing_0px inherit_tablet inherit_phone\"  data-padding-pos=\"all\" data-has-bg-color=\"false\" data-bg-color=\"\" data-bg-opacity=\"1\" data-animation=\"\" data-delay=\"0\" >\n\t\t<div class=\"vc_column-inner\" >\n\t\t\t<div class=\"wpb_wrapper\">\n\t\t\t\t<div id=\"fws_6a09b3d558961\" data-midnight=\"\" data-column-margin=\"default\" class=\"wpb_row vc_row-fluid vc_row inner_row  right_padding_25vw left_padding_25vw\"  style=\"padding-bottom: 5%; \"><div class=\"row-bg-wrap\"> <div class=\"row-bg\" ><\/div> <\/div><div class=\"row_col_wrap_12_inner col span_12  left\">\n\t<div  class=\"vc_col-sm-12 wpb_column column_container vc_column_container col child_column centered-text has-animation no-extra-padding inherit_tablet inherit_phone\"   data-padding-pos=\"all\" data-has-bg-color=\"false\" data-bg-color=\"\" data-bg-opacity=\"1\" data-animation=\"fade-in-from-bottom\" data-delay=\"0\" >\n\t\t<div class=\"vc_column-inner\" >\n\t\t<div class=\"wpb_wrapper\">\n\t\t\t<div class=\"nectar-text-inline-images nectar-link-underline-effect font_size_desktop_6vw font_size_tablet_8vw font_size_phone_8vw nectar-text-inline-images--animation_circle_fade_in nectar-text-inline-images--stagger-animation font_line_height_1-4 text_color_e4007c\"><div class=\"nectar-text-inline-images__inner\">\n<h1>U\u1ed1ng \u0111\u1ec9nh.<\/h1>\n<h1><span class=\"nectar-text-inline-images__marker\" data-img-size=\"large\">&nbsp;<img loading=\"lazy\" decoding=\"async\" class=\"nectar-lazy nectar-text-inline-images__image\" src=\"data:image\/svg+xml;charset=utf-8,%3Csvg%20xmlns%3D&#039;http%3A%2F%2Fwww.w3.org%2F2000%2Fsvg&#039;%20viewBox%3D&#039;0%200%20819%201024&#039;%2F%3E\" data-nectar-img-src=\"https:\/\/nacotaco.vn\/wp-content\/uploads\/2025\/07\/rosa-819x1024.jpg\" alt=\"hanoi taco best taco hanoi nacotaco\" width=\"819\" height=\"1024\" \/><\/span><span class=\"nectar-text-inline-images__marker\" data-img-size=\"large\">&nbsp;<img loading=\"lazy\" decoding=\"async\" class=\"nectar-lazy nectar-text-inline-images__image\" src=\"data:image\/svg+xml;charset=utf-8,%3Csvg%20xmlns%3D&#039;http%3A%2F%2Fwww.w3.org%2F2000%2Fsvg&#039;%20viewBox%3D&#039;0%200%20768%201024&#039;%2F%3E\" data-nectar-img-src=\"https:\/\/nacotaco.vn\/wp-content\/uploads\/2025\/11\/pink-sueno-new-768x1024.jpg\" alt=\"\" width=\"768\" height=\"1024\" \/><\/span><span class=\"nectar-text-inline-images__marker\" data-img-size=\"large\">&nbsp;<img loading=\"lazy\" decoding=\"async\" class=\"nectar-lazy nectar-text-inline-images__image\" src=\"data:image\/svg+xml;charset=utf-8,%3Csvg%20xmlns%3D&#039;http%3A%2F%2Fwww.w3.org%2F2000%2Fsvg&#039;%20viewBox%3D&#039;0%200%20768%201024&#039;%2F%3E\" data-nectar-img-src=\"https:\/\/nacotaco.vn\/wp-content\/uploads\/2025\/11\/tamarindo-tornado-new-768x1024.jpg\" alt=\"\" width=\"768\" height=\"1024\" \/><\/span><span class=\"nectar-text-inline-images__marker\" data-img-size=\"large\">&nbsp;<img loading=\"lazy\" decoding=\"async\" class=\"nectar-lazy nectar-text-inline-images__image\" src=\"data:image\/svg+xml;charset=utf-8,%3Csvg%20xmlns%3D&#039;http%3A%2F%2Fwww.w3.org%2F2000%2Fsvg&#039;%20viewBox%3D&#039;0%200%20683%201024&#039;%2F%3E\" data-nectar-img-src=\"https:\/\/nacotaco.vn\/wp-content\/uploads\/2025\/07\/luz-de-sol-683x1024.jpg\" alt=\"hanoi taco best taco hanoi nacotaco\" width=\"683\" height=\"1024\" \/><\/span><span class=\"nectar-text-inline-images__marker\" data-img-size=\"large\">&nbsp;<img loading=\"lazy\" decoding=\"async\" class=\"nectar-lazy nectar-text-inline-images__image\" src=\"data:image\/svg+xml;charset=utf-8,%3Csvg%20xmlns%3D&#039;http%3A%2F%2Fwww.w3.org%2F2000%2Fsvg&#039;%20viewBox%3D&#039;0%200%20683%201024&#039;%2F%3E\" data-nectar-img-src=\"https:\/\/nacotaco.vn\/wp-content\/uploads\/2025\/07\/velo-naranja-683x1024.jpg\" alt=\"hanoi taco best taco hanoi nacotaco\" width=\"683\" height=\"1024\" \/><\/span><span class=\"nectar-text-inline-images__marker\" data-img-size=\"large\">&nbsp;<img loading=\"lazy\" decoding=\"async\" class=\"nectar-lazy nectar-text-inline-images__image\" src=\"data:image\/svg+xml;charset=utf-8,%3Csvg%20xmlns%3D&#039;http%3A%2F%2Fwww.w3.org%2F2000%2Fsvg&#039;%20viewBox%3D&#039;0%200%20683%201024&#039;%2F%3E\" data-nectar-img-src=\"https:\/\/nacotaco.vn\/wp-content\/uploads\/2025\/07\/chica-fresca-683x1024.jpg\" alt=\"hanoi taco best taco hanoi nacotaco\" width=\"683\" height=\"1024\" \/><\/span><\/h1>\n<h1>U\u1ed1ng Naco.<\/h1>\n<\/div><\/div>\n\t\t<\/div> \n\t<\/div>\n\t<\/div> \n<\/div><\/div>\n\t\t\t<\/div> \n\t\t<\/div>\n\t<\/div> \n<\/div><\/div>\n\t\t<div id=\"soft-flex\"  data-column-margin=\"default\" data-midnight=\"dark\"  class=\"wpb_row vc_row-fluid vc_row full-width-content vc_row-o-equal-height vc_row-flex vc_row-o-content-middle\"  style=\"padding-top: 0px; padding-bottom: 0px; \"><div class=\"row-bg-wrap\" data-bg-animation=\"none\" data-bg-animation-delay=\"\" data-bg-overlay=\"false\"><div class=\"inner-wrap row-bg-layer\" ><div class=\"row-bg viewport-desktop\"  style=\"\"><\/div><\/div><\/div><div class=\"row_col_wrap_12 col span_12 dark left\">\n\t<div style=\"\" class=\"vc_col-sm-6 soft-col-1 wpb_column column_container vc_column_container col has-animation left_padding_desktop_10pct right_padding_desktop_10pct\" data-using-bg=\"true\" data-bg-cover=\"true\" data-padding-pos=\"all\" data-has-bg-color=\"true\" data-bg-color=\"#000000\" data-bg-opacity=\"0.4\" data-animation=\"fade-in-from-bottom\" data-delay=\"0\" >\n\t\t<div class=\"vc_column-inner\" ><div class=\"column-image-bg-wrap column-bg-layer viewport-desktop\" data-n-parallax-bg=\"true\" data-parallax-speed=\"very_subtle\" data-bg-pos=\"center center\" data-bg-animation=\"none\" data-bg-overlay=\"false\"><div class=\"inner-wrap\"><div class=\"column-image-bg parallax-layer\" style=\" background-image: url('https:\/\/nacotaco.vn\/wp-content\/uploads\/2025\/11\/dod-jose-cuervo-new-scaled.jpg'); \"><\/div><\/div><\/div><div class=\"column-bg-overlay-wrap column-bg-layer\" data-bg-animation=\"none\"><div class=\"column-bg-overlay\" style=\"opacity: 0.4; background-color: #000000;\"><\/div><\/div>\n\t\t\t<div class=\"wpb_wrapper\">\n\t\t\t\t\n\t\t\t<\/div> \n\t\t<\/div>\n\t<\/div> \n\n\t<div style=\" color: #ffffff;\" class=\"vc_col-sm-6 soft-col-2 wpb_column column_container vc_column_container col has-animation padding-7-percent padding-10-percent_tablet padding-5-percent_phone\" data-cfc=\"true\"  data-overlay-color=\"true\" data-padding-pos=\"all\" data-has-bg-color=\"false\" data-bg-color=\"\" data-bg-opacity=\"1\" data-animation=\"fade-in-from-bottom\" data-delay=\"0\" >\n\t\t<div class=\"vc_column-inner\" ><div class=\"column-bg-overlay-wrap column-bg-layer\" data-bg-animation=\"none\"><div class=\"column-bg-overlay\"><\/div><div class=\"column-overlay-layer\" style=\"background:radial-gradient(circle at top left, rgb(228,0,124) 36%, rgb(228,0,124) 36%);\"><\/div><\/div>\n\t\t\t<div class=\"wpb_wrapper\">\n\t\t\t\t<div id=\"fws_6a09b3d55b604\" data-midnight=\"\" data-column-margin=\"default\" class=\"wpb_row vc_row-fluid vc_row inner_row  right_padding_25pct left_padding_25pct\"  style=\"\"><div class=\"row-bg-wrap\"> <div class=\"row-bg\" ><\/div> <\/div><div class=\"row_col_wrap_12_inner col span_12  left\">\n\t<div  class=\"vc_col-sm-12 wpb_column column_container vc_column_container col child_column no-extra-padding inherit_tablet inherit_phone\"   data-padding-pos=\"all\" data-has-bg-color=\"false\" data-bg-color=\"\" data-bg-opacity=\"1\" data-animation=\"\" data-delay=\"0\" >\n\t\t<div class=\"vc_column-inner\" >\n\t\t<div class=\"wpb_wrapper\">\n\t\t\t<div class=\"img-with-aniamtion-wrap center tl_br_200px tr_br_200px bl_br_200px br_br_200px\" data-max-width=\"200%\" data-max-width-mobile=\"200%\" data-border-radius=\"custom\" data-shadow=\"none\" data-animation=\"none\" >\n      <div class=\"inner\">\n        <div class=\"hover-wrap\"> \n          <div class=\"hover-wrap-inner\">\n            <img loading=\"lazy\" decoding=\"async\" class=\"img-with-animation skip-lazy\" data-delay=\"0\" height=\"734\" width=\"2048\" data-animation=\"none\" src=\"https:\/\/nacotaco.vn\/wp-content\/uploads\/2025\/11\/TYPE_LOGO-02-scaled.png\" alt=\"\" srcset=\"https:\/\/nacotaco.vn\/wp-content\/uploads\/2025\/11\/TYPE_LOGO-02-scaled.png 2048w, https:\/\/nacotaco.vn\/wp-content\/uploads\/2025\/11\/TYPE_LOGO-02-300x107.png 300w, https:\/\/nacotaco.vn\/wp-content\/uploads\/2025\/11\/TYPE_LOGO-02-1024x367.png 1024w, https:\/\/nacotaco.vn\/wp-content\/uploads\/2025\/11\/TYPE_LOGO-02-768x275.png 768w, https:\/\/nacotaco.vn\/wp-content\/uploads\/2025\/11\/TYPE_LOGO-02-1536x550.png 1536w\" sizes=\"auto, (max-width: 2048px) 100vw, 2048px\" \/>\n          <\/div>\n        <\/div>\n      <\/div>\n    <\/div>\n\t\t<\/div> \n\t<\/div>\n\t<\/div> \n<\/div><\/div><div class=\"nectar-split-heading  font_size_4vw font_size_tablet_7vw font_size_phone_9vw font_line_height_1-1 text_direction_ltr\" data-align=\"center\" data-m-align=\"inherit\" data-text-effect=\"default\" data-animation-type=\"line-reveal-by-space\" data-animation-delay=\"0\" data-animation-offset=\"\" data-m-rm-animation=\"true\" data-stagger=\"true\" data-custom-font-size=\"true\" style=\"font-size: 4vw; line-height: 4.4vw;\"><h2 style=\" color: #ffffff;\">Soft Opening Saturday, November 15th<\/h2><\/div><div class=\"nectar-split-heading  font_size_3vw font_size_tablet_7vw font_line_height_1-2 text_direction_ltr\" data-align=\"center\" data-m-align=\"inherit\" data-text-effect=\"default\" data-animation-type=\"line-reveal-by-space\" data-animation-delay=\"0\" data-animation-offset=\"\" data-m-rm-animation=\"true\" data-stagger=\"true\" data-custom-font-size=\"true\" style=\"font-size: 3vw; line-height: 3.3vw;\"><h2 style=\" color: #000000;\">2B P. Nguy\u1ec5n Kh\u1eafc Hi\u1ebfu, Tr\u00fac B\u1ea1ch, Ba \u0110\u00ecnh, H\u00e0 N\u1ed9i<\/h2><\/div>\n\t\t\t<\/div> \n\t\t<\/div>\n\t<\/div> \n<\/div><\/div>","protected":false},"excerpt":{"rendered":"Authentic Mexican Cantina Drink Bold. &nbsp;&nbsp;&nbsp;&nbsp;&nbsp;&nbsp; Drink Naco. Soft Opening Saturday, November 15th2B P. Nguy\u1ec5n Kh\u1eafc Hi\u1ebfu, Tr\u00fac B\u1ea1ch, Ba \u0110\u00ecnh, H\u00e0 N\u1ed9i","protected":false},"author":2,"featured_media":0,"parent":0,"menu_order":0,"comment_status":"closed","ping_status":"closed","template":"","meta":{"footnotes":""},"wf_page_folders":[],"class_list":["post-295","page","type-page","status-publish"],"yoast_head":"<!-- This site is optimized with the Yoast SEO plugin v25.7 - https:\/\/yoast.com\/wordpress\/plugins\/seo\/ -->\n<title>Authentic Mexican Cantina - NacoTaco Bar<\/title>\n<meta name=\"description\" content=\"A contemporary cantina offering craft cocktails, beer, mezcal, and late-night energy inspired by Mexican bar culture.\" \/>\n<meta name=\"robots\" content=\"index, follow, max-snippet:-1, max-image-preview:large, max-video-preview:-1\" \/>\n<link rel=\"canonical\" href=\"https:\/\/nacotaco.vn\/vi\/bar\/\" \/>\n<meta property=\"og:locale\" content=\"vi_VN\" \/>\n<meta property=\"og:type\" content=\"article\" \/>\n<meta property=\"og:title\" content=\"Authentic Mexican Cantina - NacoTaco Bar\" \/>\n<meta property=\"og:description\" content=\"A contemporary cantina offering craft cocktails, beer, mezcal, and late-night energy inspired by Mexican bar culture.\" \/>\n<meta property=\"og:url\" content=\"https:\/\/nacotaco.vn\/vi\/bar\/\" \/>\n<meta property=\"og:site_name\" content=\"Naco Taco\" \/>\n<meta property=\"article:publisher\" content=\"https:\/\/www.facebook.com\/nacotaco.vn\/\" \/>\n<meta property=\"article:modified_time\" content=\"2026-02-04T06:32:56+00:00\" \/>\n<meta name=\"twitter:card\" content=\"summary_large_image\" \/>\n<meta name=\"twitter:label1\" content=\"\u01af\u1edbc t\u00ednh th\u1eddi gian \u0111\u1ecdc\" \/>\n\t<meta name=\"twitter:data1\" content=\"3 ph\u00fat\" \/>\n<script type=\"application\/ld+json\" class=\"yoast-schema-graph\">{\"@context\":\"https:\/\/schema.org\",\"@graph\":[{\"@type\":\"WebPage\",\"@id\":\"https:\/\/nacotaco.vn\/bar\/\",\"url\":\"https:\/\/nacotaco.vn\/bar\/\",\"name\":\"Authentic Mexican Cantina - NacoTaco Bar\",\"isPartOf\":{\"@id\":\"https:\/\/nacotaco.vn\/#website\"},\"datePublished\":\"2025-06-16T03:50:12+00:00\",\"dateModified\":\"2026-02-04T06:32:56+00:00\",\"description\":\"A contemporary cantina offering craft cocktails, beer, mezcal, and late-night energy inspired by Mexican bar culture.\",\"breadcrumb\":{\"@id\":\"https:\/\/nacotaco.vn\/bar\/#breadcrumb\"},\"inLanguage\":\"vi\",\"potentialAction\":[{\"@type\":\"ReadAction\",\"target\":[\"https:\/\/nacotaco.vn\/bar\/\"]}]},{\"@type\":\"BreadcrumbList\",\"@id\":\"https:\/\/nacotaco.vn\/bar\/#breadcrumb\",\"itemListElement\":[{\"@type\":\"ListItem\",\"position\":1,\"name\":\"Home\",\"item\":\"https:\/\/nacotaco.vn\/\"},{\"@type\":\"ListItem\",\"position\":2,\"name\":\"Authentic Mexican Cantina\"}]},{\"@type\":\"WebSite\",\"@id\":\"https:\/\/nacotaco.vn\/#website\",\"url\":\"https:\/\/nacotaco.vn\/\",\"name\":\"Naco Taco\",\"description\":\"\",\"publisher\":{\"@id\":\"https:\/\/nacotaco.vn\/#organization\"},\"potentialAction\":[{\"@type\":\"SearchAction\",\"target\":{\"@type\":\"EntryPoint\",\"urlTemplate\":\"https:\/\/nacotaco.vn\/?s={search_term_string}\"},\"query-input\":{\"@type\":\"PropertyValueSpecification\",\"valueRequired\":true,\"valueName\":\"search_term_string\"}}],\"inLanguage\":\"vi\"},{\"@type\":\"Organization\",\"@id\":\"https:\/\/nacotaco.vn\/#organization\",\"name\":\"Naco Taco\",\"url\":\"https:\/\/nacotaco.vn\/\",\"logo\":{\"@type\":\"ImageObject\",\"inLanguage\":\"vi\",\"@id\":\"https:\/\/nacotaco.vn\/#\/schema\/logo\/image\/\",\"url\":\"https:\/\/nacotaco.vn\/wp-content\/uploads\/2025\/06\/nt-logo_F.png\",\"contentUrl\":\"https:\/\/nacotaco.vn\/wp-content\/uploads\/2025\/06\/nt-logo_F.png\",\"width\":2084,\"height\":2084,\"caption\":\"Naco Taco\"},\"image\":{\"@id\":\"https:\/\/nacotaco.vn\/#\/schema\/logo\/image\/\"},\"sameAs\":[\"https:\/\/www.facebook.com\/nacotaco.vn\/\",\"https:\/\/www.instagram.com\/nacotaco.vn\/\"]}]}<\/script>\n<!-- \/ Yoast SEO plugin. -->","yoast_head_json":{"title":"Authentic Mexican Cantina - NacoTaco Bar","description":"A contemporary cantina offering craft cocktails, beer, mezcal, and late-night energy inspired by Mexican bar culture.","robots":{"index":"index","follow":"follow","max-snippet":"max-snippet:-1","max-image-preview":"max-image-preview:large","max-video-preview":"max-video-preview:-1"},"canonical":"https:\/\/nacotaco.vn\/vi\/bar\/","og_locale":"vi_VN","og_type":"article","og_title":"Authentic Mexican Cantina - NacoTaco Bar","og_description":"A contemporary cantina offering craft cocktails, beer, mezcal, and late-night energy inspired by Mexican bar culture.","og_url":"https:\/\/nacotaco.vn\/vi\/bar\/","og_site_name":"Naco Taco","article_publisher":"https:\/\/www.facebook.com\/nacotaco.vn\/","article_modified_time":"2026-02-04T06:32:56+00:00","twitter_card":"summary_large_image","twitter_misc":{"\u01af\u1edbc t\u00ednh th\u1eddi gian \u0111\u1ecdc":"3 ph\u00fat"},"schema":{"@context":"https:\/\/schema.org","@graph":[{"@type":"WebPage","@id":"https:\/\/nacotaco.vn\/bar\/","url":"https:\/\/nacotaco.vn\/bar\/","name":"Authentic Mexican Cantina - NacoTaco Bar","isPartOf":{"@id":"https:\/\/nacotaco.vn\/#website"},"datePublished":"2025-06-16T03:50:12+00:00","dateModified":"2026-02-04T06:32:56+00:00","description":"A contemporary cantina offering craft cocktails, beer, mezcal, and late-night energy inspired by Mexican bar culture.","breadcrumb":{"@id":"https:\/\/nacotaco.vn\/bar\/#breadcrumb"},"inLanguage":"vi","potentialAction":[{"@type":"ReadAction","target":["https:\/\/nacotaco.vn\/bar\/"]}]},{"@type":"BreadcrumbList","@id":"https:\/\/nacotaco.vn\/bar\/#breadcrumb","itemListElement":[{"@type":"ListItem","position":1,"name":"Home","item":"https:\/\/nacotaco.vn\/"},{"@type":"ListItem","position":2,"name":"Authentic Mexican Cantina"}]},{"@type":"WebSite","@id":"https:\/\/nacotaco.vn\/#website","url":"https:\/\/nacotaco.vn\/","name":"Naco Taco","description":"","publisher":{"@id":"https:\/\/nacotaco.vn\/#organization"},"potentialAction":[{"@type":"SearchAction","target":{"@type":"EntryPoint","urlTemplate":"https:\/\/nacotaco.vn\/?s={search_term_string}"},"query-input":{"@type":"PropertyValueSpecification","valueRequired":true,"valueName":"search_term_string"}}],"inLanguage":"vi"},{"@type":"Organization","@id":"https:\/\/nacotaco.vn\/#organization","name":"Naco Taco","url":"https:\/\/nacotaco.vn\/","logo":{"@type":"ImageObject","inLanguage":"vi","@id":"https:\/\/nacotaco.vn\/#\/schema\/logo\/image\/","url":"https:\/\/nacotaco.vn\/wp-content\/uploads\/2025\/06\/nt-logo_F.png","contentUrl":"https:\/\/nacotaco.vn\/wp-content\/uploads\/2025\/06\/nt-logo_F.png","width":2084,"height":2084,"caption":"Naco Taco"},"image":{"@id":"https:\/\/nacotaco.vn\/#\/schema\/logo\/image\/"},"sameAs":["https:\/\/www.facebook.com\/nacotaco.vn\/","https:\/\/www.instagram.com\/nacotaco.vn\/"]}]}},"_links":{"self":[{"href":"https:\/\/nacotaco.vn\/vi\/wp-json\/wp\/v2\/pages\/295","targetHints":{"allow":["GET"]}}],"collection":[{"href":"https:\/\/nacotaco.vn\/vi\/wp-json\/wp\/v2\/pages"}],"about":[{"href":"https:\/\/nacotaco.vn\/vi\/wp-json\/wp\/v2\/types\/page"}],"author":[{"embeddable":true,"href":"https:\/\/nacotaco.vn\/vi\/wp-json\/wp\/v2\/users\/2"}],"replies":[{"embeddable":true,"href":"https:\/\/nacotaco.vn\/vi\/wp-json\/wp\/v2\/comments?post=295"}],"version-history":[{"count":207,"href":"https:\/\/nacotaco.vn\/vi\/wp-json\/wp\/v2\/pages\/295\/revisions"}],"predecessor-version":[{"id":3251,"href":"https:\/\/nacotaco.vn\/vi\/wp-json\/wp\/v2\/pages\/295\/revisions\/3251"}],"wp:attachment":[{"href":"https:\/\/nacotaco.vn\/vi\/wp-json\/wp\/v2\/media?parent=295"}],"wp:term":[{"taxonomy":"wf_page_folders","embeddable":true,"href":"https:\/\/nacotaco.vn\/vi\/wp-json\/wp\/v2\/wf_page_folders?post=295"}],"curies":[{"name":"wp","href":"https:\/\/api.w.org\/{rel}","templated":true}]}}